{"id":275,"date":"2025-03-17T13:53:08","date_gmt":"2025-03-17T13:53:08","guid":{"rendered":"https:\/\/nanological.es\/?page_id=275"},"modified":"2025-04-01T15:57:26","modified_gmt":"2025-04-01T15:57:26","slug":"accesibilidad","status":"publish","type":"page","link":"https:\/\/nanological.es\/en\/accesibilidad\/","title":{"rendered":"Accesibilidad"},"content":{"rendered":"\t\t<div data-elementor-type=\"wp-page\" data-elementor-id=\"275\" class=\"elementor elementor-275\" data-elementor-post-type=\"page\">\n\t\t\t\t<div class=\"elementor-element elementor-element-327fca71 e-flex e-con-boxed e-con e-child\" data-id=\"327fca71\" data-element_type=\"container\" data-e-type=\"container\" data-settings=\"{&quot;background_background&quot;:&quot;video&quot;}\">\n\t\t\t\t\t<div class=\"e-con-inner\">\n\t\t<div class=\"elementor-element elementor-element-2323db36 e-con-full e-flex e-con e-child\" data-id=\"2323db36\" data-element_type=\"container\" data-e-type=\"container\" data-settings=\"{&quot;background_background&quot;:&quot;classic&quot;}\">\n\t\t\t\t<div class=\"elementor-element elementor-element-e9658e6 elementor-widget elementor-widget-heading\" data-id=\"e9658e6\" data-element_type=\"widget\" data-e-type=\"widget\" data-widget_type=\"heading.default\">\n\t\t\t\t\t<h2 class=\"elementor-heading-title elementor-size-default\">Accesibilidad<\/h2>\t\t\t\t<\/div>\n\t\t\t\t<div class=\"elementor-element elementor-element-ab623a8 elementor-widget elementor-widget-text-editor\" data-id=\"ab623a8\" data-element_type=\"widget\" data-e-type=\"widget\" data-widget_type=\"text-editor.default\">\n\t\t\t\t\t\t\t\t\t<div><div><p>La presente declaraci\u00f3n de accesibilidad se aplica al sitio web https:\/\/nanological.es\/<\/p><\/div><\/div><div><div><div><p><strong>SITUACI\u00d3N DE CUMPLIMIENTO<\/strong><\/p><p>Este sitio web es parcialmente conforme con el\u00a0<a href=\"http:\/\/www.boe.es\/diario_boe\/txt.php?id=BOE-A-2018-12699\" target=\"_blank\" rel=\"noopener noreferrer\" data-extlink=\"\">RD 1112\/2018<\/a>\u00a0debido a las excepciones y a la falta de conformidad de los aspectos que se indican en el siguiente punto.<\/p><\/div><\/div><\/div><div><div><div><p><strong>PREPARACI\u00d3N DE LA SIGUIENTE DECLARACI\u00d3N DE ACCESIBILIDAD<\/strong><\/p><\/div><\/div><\/div><div><div><div><p>La presente declaraci\u00f3n fue preparada el 13 de noviembre de 2023.<\/p><p>El m\u00e9todo empleado para preparar la declaraci\u00f3n ha sido una autoevaluaci\u00f3n llevada a cabo por la titular de la web.<\/p><p>La Declaraci\u00f3n de Accesibilidad ha sido revisada y actualizada en noviembre de 2023.<\/p><\/div><\/div><\/div><div><div><div><p><strong>OBSERVACIONES Y DATOS DE CONTACTO<\/strong><\/p><p>Puede realizar comunicaciones sobre requisitos de accesibilidad (articulo 10.2.a del RD 1112\/2018) como por ejemplo:<\/p><ul><li>Informar sobre cualquier posible incumplimiento por parte de este sitio web<\/li><li>Transmitir otras dificultades de acceso al contenido<\/li><li>Formular cualquier otra consulta o sugerencia de mejora relativa a la accesibilidad del sitio web<\/li><\/ul><p>A trav\u00e9s del\u00a0<a href=\"https:\/\/nanological.es\/contact\/\">formulario de contacto<\/a> de este sitio web o a trav\u00e9s del n\u00famero de tel\u00e9fono (+34) 659 479 401<\/p><p>Puede presentar:<\/p><ul><li><strong>Queja\u00a0<\/strong>relativa al cumplimiento de los requisitos del RD 1112\/2018 o<\/li><li><b>Solicitud de Informaci\u00f3n accesible<\/b>\u00a0relativa a:<\/li><\/ul><p>Contenidos\u00a0que est\u00e1n\u00a0excluidos\u00a0del\u00a0\u00e1mbito de aplicaci\u00f3n\u00a0del RD 1112\/2018 seg\u00fan lo establecido por el art\u00edculo 3, apartado 4<\/p><p>Contenidos que est\u00e1n exentos del cumplimiento de los requisitos de accesibilidad por imponer una carga desproporcionada.<\/p><p>En la Solicitud de informaci\u00f3n accesible, se debe concretar, con toda claridad, los hechos, razones y petici\u00f3n que permitan constatar que se trata de una solicitud razonable y leg\u00edtima.<\/p><p>Las quejas y reclamaciones sobre informaci\u00f3n accesible se realizar\u00e1n a trav\u00e9s A trav\u00e9s del\u00a0<a href=\"https:\/\/nanological.es\/contact\/\">formulario de contacto<\/a> de este sitio web o a trav\u00e9s del n\u00famero de tel\u00e9fono (+34) 659 479 401<\/p><\/div><\/div><\/div><div><p>P<strong>ROCEDIMIENTO DE APLICACI\u00d3N<\/strong><\/p><p>Si una vez realizada una solicitud de informaci\u00f3n accesible o queja, \u00e9sta hubiera sido desestimada, no se estuviera de acuerdo con la decisi\u00f3n adoptada, o la respuesta no cumpliera los requisitos contemplados en el art\u00edculo 12.5, la persona interesada podr\u00e1 iniciar una reclamaci\u00f3n. Igualmente se podr\u00e1 iniciar una reclamaci\u00f3n en el caso de que haya transcurrido el plazo de veinte d\u00edas h\u00e1biles sin haber obtenido respuesta.\u00a0<\/p><\/div><div><div><div><p><strong>CONTENIDO OPCIONAL<\/strong><\/p><p>Este portal esta dise\u00f1ado para poder cambiar el tama\u00f1o del texto y el color, as\u00ed\u00a0como el fondo de la pagina mediante las opciones de configuraci\u00f3n est\u00e1ndar de los navegadores.<\/p><p>Si desea cambiar el tama\u00f1o de letra del texto en los principales navegadores gr\u00e1ficos utilice los siguientes men\u00fas:<\/p><ul><li>Internet Explorer, Mozilla y Firefox: Ver &gt; Tama\u00f1o del texto<\/li><li>Opera: Ver &gt; Zoom<\/li><li>Safari: Ver &gt; Hacer el texto mas grande<\/li><li>Chrome: Controla la pagina actual &gt; Tama\u00f1o del texto<\/li><li>Para modificar el tama\u00f1o de todo en la pagina:<ul><li>Ctrl + + para aumentarlo<\/li><li>Ctrl + \u2013 para disminuirlo<\/li><li>Ctrl + 0 restaura el tama\u00f1o original del texto<\/li><li>Si lo que quiere es anular la hoja de estilos o modificar el color del texto, puede consultar la pagina\u00a0<span lang=\"en\">How to Change Text Size or Colors<\/span>\u00a0de la WAI, que se puede leer traducida al espa\u00f1ol en \u00bfC\u00f3mo cambiar el tama\u00f1o del texto o colores?<\/li><\/ul><\/li><\/ul><\/div><\/div><\/div>\t\t\t\t\t\t\t\t<\/div>\n\t\t\t\t<\/div>\n\t\t\t\t\t<\/div>\n\t\t\t\t<\/div>\n\t\t\t\t<\/div>\n\t\t","protected":false},"excerpt":{"rendered":"<p>La presente declaraci\u00f3n de accesibilidad se aplica al sitio web https:\/\/nanological.es\/ SITUACI\u00d3N DE CUMPLIMIENTO Este sitio web es parcialmente conforme con el\u00a0RD 1112\/2018\u00a0debido a las excepciones y a la falta de conformidad de los aspectos que se indican en el siguiente punto. PREPARACI\u00d3N DE LA SIGUIENTE DECLARACI\u00d3N DE ACCESIBILIDAD La presente declaraci\u00f3n fue preparada el [&hellip;]<\/p>\n","protected":false},"author":1,"featured_media":0,"parent":0,"menu_order":0,"comment_status":"closed","ping_status":"closed","template":"","meta":{"footnotes":""},"class_list":["post-275","page","type-page","status-publish","hentry"],"yoast_head":"<!-- This site is optimized with the Yoast SEO plugin v27.6 - https:\/\/yoast.com\/product\/yoast-seo-wordpress\/ -->\n<title>Accesibilidad - Nanological<\/title>\n<meta name=\"robots\" content=\"index, follow, max-snippet:-1, max-image-preview:large, max-video-preview:-1\" \/>\n<link rel=\"canonical\" href=\"https:\/\/nanological.es\/accesibilidad\/\" \/>\n<meta property=\"og:locale\" content=\"en_US\" \/>\n<meta property=\"og:type\" content=\"article\" \/>\n<meta property=\"og:title\" content=\"Accesibilidad - Nanological\" \/>\n<meta property=\"og:description\" content=\"La presente declaraci\u00f3n de accesibilidad se aplica al sitio web https:\/\/nanological.es\/ SITUACI\u00d3N DE CUMPLIMIENTO Este sitio web es parcialmente conforme con el\u00a0RD 1112\/2018\u00a0debido a las excepciones y a la falta de conformidad de los aspectos que se indican en el siguiente punto. PREPARACI\u00d3N DE LA SIGUIENTE DECLARACI\u00d3N DE ACCESIBILIDAD La presente declaraci\u00f3n fue preparada el [&hellip;]\" \/>\n<meta property=\"og:url\" content=\"https:\/\/nanological.es\/accesibilidad\/\" \/>\n<meta property=\"og:site_name\" content=\"Nanological\" \/>\n<meta property=\"article:modified_time\" content=\"2025-04-01T15:57:26+00:00\" \/>\n<meta name=\"twitter:card\" content=\"summary_large_image\" \/>\n<meta name=\"twitter:label1\" content=\"Est. reading time\" \/>\n\t<meta name=\"twitter:data1\" content=\"3 minutes\" \/>\n<script type=\"application\/ld+json\" class=\"yoast-schema-graph\">{\"@context\":\"https:\\\/\\\/schema.org\",\"@graph\":[{\"@type\":\"WebPage\",\"@id\":\"https:\\\/\\\/nanological.es\\\/accesibilidad\\\/\",\"url\":\"https:\\\/\\\/nanological.es\\\/accesibilidad\\\/\",\"name\":\"Accesibilidad - Nanological\",\"isPartOf\":{\"@id\":\"https:\\\/\\\/nanological.es\\\/#website\"},\"datePublished\":\"2025-03-17T13:53:08+00:00\",\"dateModified\":\"2025-04-01T15:57:26+00:00\",\"breadcrumb\":{\"@id\":\"https:\\\/\\\/nanological.es\\\/accesibilidad\\\/#breadcrumb\"},\"inLanguage\":\"en-US\",\"potentialAction\":[{\"@type\":\"ReadAction\",\"target\":[\"https:\\\/\\\/nanological.es\\\/accesibilidad\\\/\"]}]},{\"@type\":\"BreadcrumbList\",\"@id\":\"https:\\\/\\\/nanological.es\\\/accesibilidad\\\/#breadcrumb\",\"itemListElement\":[{\"@type\":\"ListItem\",\"position\":1,\"name\":\"Portada\",\"item\":\"https:\\\/\\\/nanological.es\\\/en\\\/\"},{\"@type\":\"ListItem\",\"position\":2,\"name\":\"Accesibilidad\"}]},{\"@type\":\"WebSite\",\"@id\":\"https:\\\/\\\/nanological.es\\\/#website\",\"url\":\"https:\\\/\\\/nanological.es\\\/\",\"name\":\"Nanological\",\"description\":\"New Concept of Medical Devices\",\"publisher\":{\"@id\":\"https:\\\/\\\/nanological.es\\\/#organization\"},\"potentialAction\":[{\"@type\":\"SearchAction\",\"target\":{\"@type\":\"EntryPoint\",\"urlTemplate\":\"https:\\\/\\\/nanological.es\\\/?s={search_term_string}\"},\"query-input\":{\"@type\":\"PropertyValueSpecification\",\"valueRequired\":true,\"valueName\":\"search_term_string\"}}],\"inLanguage\":\"en-US\"},{\"@type\":\"Organization\",\"@id\":\"https:\\\/\\\/nanological.es\\\/#organization\",\"name\":\"Nanological\",\"url\":\"https:\\\/\\\/nanological.es\\\/\",\"logo\":{\"@type\":\"ImageObject\",\"inLanguage\":\"en-US\",\"@id\":\"https:\\\/\\\/nanological.es\\\/#\\\/schema\\\/logo\\\/image\\\/\",\"url\":\"https:\\\/\\\/nanological.es\\\/wp-content\\\/uploads\\\/2025\\\/03\\\/Nanological-logo.svg\",\"contentUrl\":\"https:\\\/\\\/nanological.es\\\/wp-content\\\/uploads\\\/2025\\\/03\\\/Nanological-logo.svg\",\"width\":5635.4761,\"height\":981.36658,\"caption\":\"Nanological\"},\"image\":{\"@id\":\"https:\\\/\\\/nanological.es\\\/#\\\/schema\\\/logo\\\/image\\\/\"}}]}<\/script>\n<!-- \/ Yoast SEO plugin. -->","yoast_head_json":{"title":"Accesibilidad - Nanological","robots":{"index":"index","follow":"follow","max-snippet":"max-snippet:-1","max-image-preview":"max-image-preview:large","max-video-preview":"max-video-preview:-1"},"canonical":"https:\/\/nanological.es\/accesibilidad\/","og_locale":"en_US","og_type":"article","og_title":"Accesibilidad - Nanological","og_description":"La presente declaraci\u00f3n de accesibilidad se aplica al sitio web https:\/\/nanological.es\/ SITUACI\u00d3N DE CUMPLIMIENTO Este sitio web es parcialmente conforme con el\u00a0RD 1112\/2018\u00a0debido a las excepciones y a la falta de conformidad de los aspectos que se indican en el siguiente punto. PREPARACI\u00d3N DE LA SIGUIENTE DECLARACI\u00d3N DE ACCESIBILIDAD La presente declaraci\u00f3n fue preparada el [&hellip;]","og_url":"https:\/\/nanological.es\/accesibilidad\/","og_site_name":"Nanological","article_modified_time":"2025-04-01T15:57:26+00:00","twitter_card":"summary_large_image","twitter_misc":{"Est. reading time":"3 minutes"},"schema":{"@context":"https:\/\/schema.org","@graph":[{"@type":"WebPage","@id":"https:\/\/nanological.es\/accesibilidad\/","url":"https:\/\/nanological.es\/accesibilidad\/","name":"Accesibilidad - Nanological","isPartOf":{"@id":"https:\/\/nanological.es\/#website"},"datePublished":"2025-03-17T13:53:08+00:00","dateModified":"2025-04-01T15:57:26+00:00","breadcrumb":{"@id":"https:\/\/nanological.es\/accesibilidad\/#breadcrumb"},"inLanguage":"en-US","potentialAction":[{"@type":"ReadAction","target":["https:\/\/nanological.es\/accesibilidad\/"]}]},{"@type":"BreadcrumbList","@id":"https:\/\/nanological.es\/accesibilidad\/#breadcrumb","itemListElement":[{"@type":"ListItem","position":1,"name":"Portada","item":"https:\/\/nanological.es\/en\/"},{"@type":"ListItem","position":2,"name":"Accesibilidad"}]},{"@type":"WebSite","@id":"https:\/\/nanological.es\/#website","url":"https:\/\/nanological.es\/","name":"Nanological","description":"New Concept of Medical Devices","publisher":{"@id":"https:\/\/nanological.es\/#organization"},"potentialAction":[{"@type":"SearchAction","target":{"@type":"EntryPoint","urlTemplate":"https:\/\/nanological.es\/?s={search_term_string}"},"query-input":{"@type":"PropertyValueSpecification","valueRequired":true,"valueName":"search_term_string"}}],"inLanguage":"en-US"},{"@type":"Organization","@id":"https:\/\/nanological.es\/#organization","name":"Nanological","url":"https:\/\/nanological.es\/","logo":{"@type":"ImageObject","inLanguage":"en-US","@id":"https:\/\/nanological.es\/#\/schema\/logo\/image\/","url":"https:\/\/nanological.es\/wp-content\/uploads\/2025\/03\/Nanological-logo.svg","contentUrl":"https:\/\/nanological.es\/wp-content\/uploads\/2025\/03\/Nanological-logo.svg","width":5635.4761,"height":981.36658,"caption":"Nanological"},"image":{"@id":"https:\/\/nanological.es\/#\/schema\/logo\/image\/"}}]}},"_links":{"self":[{"href":"https:\/\/nanological.es\/en\/wp-json\/wp\/v2\/pages\/275","targetHints":{"allow":["GET"]}}],"collection":[{"href":"https:\/\/nanological.es\/en\/wp-json\/wp\/v2\/pages"}],"about":[{"href":"https:\/\/nanological.es\/en\/wp-json\/wp\/v2\/types\/page"}],"author":[{"embeddable":true,"href":"https:\/\/nanological.es\/en\/wp-json\/wp\/v2\/users\/1"}],"replies":[{"embeddable":true,"href":"https:\/\/nanological.es\/en\/wp-json\/wp\/v2\/comments?post=275"}],"version-history":[{"count":7,"href":"https:\/\/nanological.es\/en\/wp-json\/wp\/v2\/pages\/275\/revisions"}],"predecessor-version":[{"id":762,"href":"https:\/\/nanological.es\/en\/wp-json\/wp\/v2\/pages\/275\/revisions\/762"}],"wp:attachment":[{"href":"https:\/\/nanological.es\/en\/wp-json\/wp\/v2\/media?parent=275"}],"curies":[{"name":"wp","href":"https:\/\/api.w.org\/{rel}","templated":true}]}}